{"id":170,"date":"2020-05-14T10:38:39","date_gmt":"2020-05-14T09:38:39","guid":{"rendered":"http:\/\/voyancezen.com\/guide\/?page_id=170"},"modified":"2023-06-28T15:07:59","modified_gmt":"2023-06-28T13:07:59","slug":"mentions-legales","status":"publish","type":"page","link":"https:\/\/voyancezen.com\/guide\/mentions-legales\/","title":{"rendered":"Mentions l\u00e9gales"},"content":{"rendered":"<h2 id='conditions-d-utilisation'  id=\"boomdevs_1\">Conditions d\u2019Utilisation<\/h2>\n<p>Nous rappelons \u00e0 l\u2019internaute que les images, photos et donn\u00e9es de ce site sont pr\u00e9sentes uniquement \u00e0 titre d\u2019illustration et d\u2019exemple, et n\u2019ont aucune obligation \u00e0 refl\u00e9ter la r\u00e9alit\u00e9.<\/p>\n<p>En vue de l\u2019utilisation de VoyanceZen.com, nous vous conseillons de lire les pr\u00e9sentes conditions g\u00e9n\u00e9rales d\u2019utilisation et nos mentions l\u00e9gales. Vous devez accepter l\u2019ensemble des termes de nos conditions g\u00e9n\u00e9rales d\u2019utilisation, afin de pouvoir utiliser VoyanceZen.com.<\/p>\n<h3 id='1-utilisation-gratuite-de-voyancezen'  id=\"boomdevs_2\">1. UTILISATION GRATUITE DE VOYANCEZEN<\/h3>\n<p>Pour utiliser VoyanceZen.com, aucun crit\u00e8re n&#8217;est n\u00e9cessaire car la voyance est universelle.<\/p>\n<h4 id='1-1-obligations'  id=\"boomdevs_3\">1.1. OBLIGATIONS<\/h4>\n<p>Dans le cadre de l\u2019utilisation de VoyanceZen.com, vous ne devez pas :<\/p>\n<ul>\n<li>Tenir des propos diffamatoires, injurieux, x\u00e9nophobes, racistes, violents ou, de mani\u00e8re g\u00e9n\u00e9rale, contraires aux lois et aux bonnes m\u0153urs<\/li>\n<li>Transmettre des donn\u00e9es personnelles concernant des tiers<\/li>\n<li>Utiliser VoyanceZen.com \u00e0 des fins professionnelles ou commerciales en vue, notamment, de prospection, racolage, prostitution, escroquerie, etc\u2026<\/li>\n<li>Poster des photos ind\u00e9centes, pornographiques ou comportant l\u2019image de mineurs ou de tiers sans leur autorisation (les photos \u00e9rotiques sont autoris\u00e9es)<\/li>\n<li>Poster des \u00e9l\u00e9ments pouvant nuire \u00e0 l\u2019utilisation de VoyanceZen.com, type virus, cheval de Troie, logiciel espion, etc\u2026<br \/>\nRenvoyer vers des sites ill\u00e9gaux ou contraires aux bonnes m\u0153urs.<\/li>\n<\/ul>\n<p>Nous nous r\u00e9servons le droit de supprimer tous messages, petites annonces et\/ou comptes des membres qui violeraient l\u2019une des obligations essentielles list\u00e9es ci-dessus, dans le cadre de notre service de mod\u00e9ration.<\/p>\n<h2 id='services-externes-et-liens-vers-des-sites-tiers'  id=\"boomdevs_4\">SERVICES EXTERNES ET LIENS VERS DES SITES TIERS<\/h2>\n<p>En toute hypoth\u00e8se, VoyanceZen.com se d\u00e9gage de toute responsabilit\u00e9 quant \u00e0 l\u2019utilisation de tous services externalis\u00e9s qu\u2019il propose.<\/p>\n<p>VoyanceZen.com n\u2019est pas responsable des liens hypertexte vers lesquels il renvoit et sur lesquels il n\u2019exerce aucun contr\u00f4le. En cas de probl\u00e8me, nous vous conseillons de contacter le responsable de ce site.<br \/>\nEn ce qui concerne la protection des donn\u00e9es personnelles et les r\u00e8gles de propri\u00e9t\u00e9 intellectuelle, nous vous remercions de vous reporter \u00e0 la rubrique Confidentialit\u00e9.<\/p>\n<h2 id='mentions-l\u00e9gales'  id=\"boomdevs_5\">Mentions L\u00e9gales<\/h2>\n<p>Conform\u00e9ment \u00e0 l\u2019article 6 III de la loi n\u00b02004-575 du 21 juin 2004 sur la confiance dans l\u2019\u00e9conomie num\u00e9rique, nous vous informons que le site VoyanceZen.com est \u00e9dit\u00e9 par la soci\u00e9t\u00e9:<\/p>\n<p>SEBEPE<br \/>\n187 avenue F\u00e9lix Faure 69003 Lyon, France<br \/>\nEmail: contact@sebepe.com<br \/>\nSiret:749907341 \u2013 TVA: FR65749907341<\/p>\n<p>Le site VoyanceZen.com est h\u00e9berg\u00e9 par:<br \/>\nGo Daddy<br \/>\n14455 North Hayden Rd.<br \/>\nSuite 219<br \/>\nScottsdale, AZ 85260<br \/>\nlegal@godaddy.com<\/p>\n<p>&nbsp;<br \/>\n<a href=\"https:\/\/www.actimonde.com\/\" title=\"Annuaire web gratuit sites de qualit\u00e9\">Actimonde &#8211; Annuaire web gratuit<\/a><\/p>\n<h2 id='confidentialit\u00e9'  id=\"boomdevs_6\">Confidentialit\u00e9<\/h2>\n<h3 id='1-protection-des-donn\u00e9es-personnelles'  id=\"boomdevs_7\">1. PROTECTION DES DONN\u00c9ES PERSONNELLES<\/h3>\n<p>En application des articles 34 et 36 de la Loi Informatique et Libert\u00e9s N\u00b0 78-17 du 6 janvier 1978, vous disposez d\u2019un droit d\u2019acc\u00e8s, de modification, de rectification et de suppression sur les donn\u00e9es collect\u00e9es sur le site VoyanceZen.com vous concernant.<\/p>\n<p>Pour exercer ces droits, veuillez \u00e9crire \u00e0 l\u2019adresse postale suivante:<br \/>\nSebepe, 187 avenue F\u00e9lix Faure 69003 Lyon, France<\/p>\n<p>Les informations recueillies ne seront pas transmises \u00e0 des tiers et seront conserv\u00e9es de mani\u00e8re \u00e0 assurer leur protection.<br \/>\nNotre site contient des liens hypertexte renvoyant vers d\u2019autres sites sur lesquels il n\u2019exerce aucun contr\u00f4le. En cas de probl\u00e8me, nous vous conseillons de vous reporter \u00e0 la rubrique protection des donn\u00e9es personnelles de chaque site.<\/p>\n<h3 id='2-propri\u00e9t\u00e9-intellectuelle'  id=\"boomdevs_8\">2. PROPRI\u00c9T\u00c9 INTELLECTUELLE<\/h3>\n<p>Le site VoyanceZen.com est la propri\u00e9t\u00e9 exclusive de la soci\u00e9t\u00e9 Sebepe. Son contenu, sa charte graphique et tous autres \u00e9l\u00e9ments constitutifs du site ne pourront en aucun cas \u00eatre reproduits, utilis\u00e9s ou copi\u00e9s.<br \/>\nPour toute information li\u00e9e \u00e0 la propri\u00e9t\u00e9 intellectuelle, merci de contacter le Cabinet Laurent &amp; Charras, 20 Rue Luis Chappaz, 69131 Ecully.<\/p>\n<h3 id='3-cookies'  id=\"boomdevs_9\">3. COOKIES<\/h3>\n<p>VoyanceZen.com utilise les cookies, via Google Analytics. Un cookie est un fichier, envoy\u00e9 par un site et stock\u00e9 par votre ordinateur lorsque vous visitez un site. Les cookies sont utilis\u00e9s sur la majorit\u00e9 des sites internet. Si vous retournez sur un site d\u00e9j\u00e0 visit\u00e9 le cookie vous reconna\u00eet, ce qui lui permet d\u2019identifier votre nom de membre par exemple, ou encore de reconna\u00eetre votre mot de passe.<\/p>\n<p>Chaque site internet a seulement la capacit\u00e9 de lire son propre cookie. Donc un site ne peut avoir acc\u00e8s aux cookies des autres sites, mais surtout ne peut avoir acc\u00e8s \u00e0 aucun autre fichier sur votre ordinateur.<\/p>\n<p>Si vous ne souhaitez pas qu\u2019un cookie soit d\u00e9pos\u00e9 sur votre ordinateur, il vous suffit de le stipuler dans les options de votre navigateur internet. Toutefois, vous aurez alors acc\u00e8s \u00e0 des sites qui fonctionneront mal ou pas du tout.<\/p>\n","protected":false},"excerpt":{"rendered":"<p>Conditions d\u2019Utilisation Nous rappelons \u00e0 l\u2019internaute que les images, photos et donn\u00e9es de ce site sont pr\u00e9sentes uniquement \u00e0 titre d\u2019illustration et d\u2019exemple, et n\u2019ont aucune obligation \u00e0 refl\u00e9ter la r\u00e9alit\u00e9. En vue de l\u2019utilisation de VoyanceZen.com, nous vous conseillons de lire les pr\u00e9sentes conditions g\u00e9n\u00e9rales d\u2019utilisation et nos mentions l\u00e9gales. Vous devez accepter l\u2019ensemble [&hellip;]<\/p>\n","protected":false},"author":1,"featured_media":0,"parent":0,"menu_order":0,"comment_status":"open","ping_status":"closed","template":"","meta":{"_seopress_robots_primary_cat":"","_seopress_titles_title":"","_seopress_titles_desc":"","_seopress_robots_index":"","footnotes":""},"class_list":["post-170","page","type-page","status-publish","hentry"],"_links":{"self":[{"href":"https:\/\/voyancezen.com\/guide\/wp-json\/wp\/v2\/pages\/170","targetHints":{"allow":["GET"]}}],"collection":[{"href":"https:\/\/voyancezen.com\/guide\/wp-json\/wp\/v2\/pages"}],"about":[{"href":"https:\/\/voyancezen.com\/guide\/wp-json\/wp\/v2\/types\/page"}],"author":[{"embeddable":true,"href":"https:\/\/voyancezen.com\/guide\/wp-json\/wp\/v2\/users\/1"}],"replies":[{"embeddable":true,"href":"https:\/\/voyancezen.com\/guide\/wp-json\/wp\/v2\/comments?post=170"}],"version-history":[{"count":0,"href":"https:\/\/voyancezen.com\/guide\/wp-json\/wp\/v2\/pages\/170\/revisions"}],"wp:attachment":[{"href":"https:\/\/voyancezen.com\/guide\/wp-json\/wp\/v2\/media?parent=170"}],"curies":[{"name":"wp","href":"https:\/\/api.w.org\/{rel}","templated":true}]}}