{"id":2024,"date":"2024-02-10T00:18:58","date_gmt":"2024-02-09T22:18:58","guid":{"rendered":"https:\/\/voyancezen.com\/guide\/?page_id=2024"},"modified":"2024-09-23T14:54:47","modified_gmt":"2024-09-23T12:54:47","slug":"gardons-contact","status":"publish","type":"page","link":"https:\/\/voyancezen.com\/guide\/gardons-contact\/","title":{"rendered":"Gardons le contact"},"content":{"rendered":"\n<p>Recevez chaque semaine nos meilleures conseils de voyance gratuite sur votre bo\u00eete mail.<\/p>\n\n\n\n<p>Rejoignez d\u00e8s maintenant notre communaut\u00e9 de voyants et m\u00e9diums pour rester inform\u00e9(e) sur les derni\u00e8res actualit\u00e9s du monde de la voyance.<\/p>\n\n\n\n<p>Inscrivez-vous gratuitement en quelques clics !<\/p>\n\n\n\n<div class=\"wpcf7 no-js\" id=\"wpcf7-f2118-o1\" lang=\"fr-FR\" dir=\"ltr\" data-wpcf7-id=\"2118\">\n<div class=\"screen-reader-response\"><p role=\"status\" aria-live=\"polite\" aria-atomic=\"true\"><\/p> <ul><\/ul><\/div>\n<form action=\"\/guide\/wp-json\/wp\/v2\/pages\/2024#wpcf7-f2118-o1\" method=\"post\" class=\"wpcf7-form init\" aria-label=\"Formulaire de contact\" novalidate=\"novalidate\" data-status=\"init\">\n<fieldset class=\"hidden-fields-container\"><input type=\"hidden\" name=\"_wpcf7\" value=\"2118\" \/><input type=\"hidden\" name=\"_wpcf7_version\" value=\"6.1.5\" \/><input type=\"hidden\" name=\"_wpcf7_locale\" value=\"fr_FR\" \/><input type=\"hidden\" name=\"_wpcf7_unit_tag\" value=\"wpcf7-f2118-o1\" \/><input type=\"hidden\" name=\"_wpcf7_container_post\" value=\"0\" \/><input type=\"hidden\" name=\"_wpcf7_posted_data_hash\" value=\"\" \/>\n<\/fieldset>\n<p><label> Votre nom<br \/>\n<span class=\"wpcf7-form-control-wrap\" data-name=\"your-name\"><input size=\"40\" maxlength=\"400\" class=\"wpcf7-form-control wpcf7-text wpcf7-validates-as-required\" autocomplete=\"name\" aria-required=\"true\" aria-invalid=\"false\" value=\"\" type=\"text\" name=\"your-name\" \/><\/span> <\/label>\n<\/p>\n<p><label> Votre e-mail<br \/>\n<span class=\"wpcf7-form-control-wrap\" data-name=\"your-email\"><input size=\"40\" maxlength=\"400\" class=\"wpcf7-form-control wpcf7-email wpcf7-validates-as-required wpcf7-text wpcf7-validates-as-email\" autocomplete=\"email\" aria-required=\"true\" aria-invalid=\"false\" value=\"\" type=\"email\" name=\"your-email\" \/><\/span> <\/label>\n<\/p>\n<p><label> Objet<br \/>\n<span class=\"wpcf7-form-control-wrap\" data-name=\"your-subject\"><input size=\"40\" maxlength=\"400\" class=\"wpcf7-form-control wpcf7-text wpcf7-validates-as-required\" aria-required=\"true\" aria-invalid=\"false\" value=\"\" type=\"text\" name=\"your-subject\" \/><\/span> <\/label>\n<\/p>\n<p><span class=\"wpcf7-form-control-wrap\" data-name=\"acceptance-453\"><span class=\"wpcf7-form-control wpcf7-acceptance\"><span class=\"wpcf7-list-item\"><label><input type=\"checkbox\" name=\"acceptance-453\" value=\"1\" aria-invalid=\"false\" \/><span class=\"wpcf7-list-item-label\">Je suis bien un humain<\/span><\/label><\/span><\/span><\/span>\n<\/p>\n<p><label> Votre message :<br \/>\n<span class=\"wpcf7-form-control-wrap\" data-name=\"your-message\"><textarea cols=\"40\" rows=\"10\" maxlength=\"2000\" class=\"wpcf7-form-control wpcf7-textarea\" aria-invalid=\"false\" name=\"your-message\"><\/textarea><\/span> <\/label>\n<\/p>\n<p><span class=\"wpcf7-form-control-wrap\" data-name=\"acceptance-352\"><span class=\"wpcf7-form-control wpcf7-acceptance optional\"><span class=\"wpcf7-list-item\"><label><input type=\"checkbox\" name=\"acceptance-352\" value=\"1\" aria-invalid=\"false\" \/><span class=\"wpcf7-list-item-label\">Je suis bien un humain<\/span><\/label><\/span><\/span><\/span>\n<\/p>\n<p><input class=\"wpcf7-form-control wpcf7-submit has-spinner\" type=\"submit\" value=\"Envoyer\" \/>\n<\/p><p style=\"display: none !important;\" class=\"akismet-fields-container\" data-prefix=\"_wpcf7_ak_\"><label>&#916;<textarea name=\"_wpcf7_ak_hp_textarea\" cols=\"45\" rows=\"8\" maxlength=\"100\"><\/textarea><\/label><input type=\"hidden\" id=\"ak_js_1\" name=\"_wpcf7_ak_js\" value=\"89\"\/><script>document.getElementById( \"ak_js_1\" ).setAttribute( \"value\", ( new Date() ).getTime() );<\/script><\/p><input type='hidden' class='wpcf7-pum' value='{\"closepopup\":false,\"closedelay\":0,\"openpopup\":false,\"openpopup_id\":0}' \/><div class=\"wpcf7-response-output\" aria-hidden=\"true\"><\/div>\n<\/form>\n<\/div>\n\n\n\n\n<p>Exprimez vos doutes d\u00e9taill\u00e9s librement avec nos voyants qui ne manquerons pas de vous recontacter rapidement en cas de flashs qu&#8217;ils auraient pu avoir.<\/p>\n","protected":false},"excerpt":{"rendered":"<p>Recevez chaque semaine nos meilleures conseils de voyance gratuite sur votre bo\u00eete mail. Rejoignez d\u00e8s maintenant notre communaut\u00e9 de voyants et m\u00e9diums pour rester inform\u00e9(e) sur les derni\u00e8res actualit\u00e9s du monde de la voyance. Inscrivez-vous gratuitement en quelques clics ! Exprimez vos doutes d\u00e9taill\u00e9s librement avec nos voyants qui ne manquerons pas de vous recontacter [&hellip;]<\/p>\n","protected":false},"author":1,"featured_media":0,"parent":0,"menu_order":0,"comment_status":"closed","ping_status":"closed","template":"","meta":{"footnotes":""},"class_list":["post-2024","page","type-page","status-publish","hentry"],"aioseo_notices":[],"_links":{"self":[{"href":"https:\/\/voyancezen.com\/guide\/wp-json\/wp\/v2\/pages\/2024","targetHints":{"allow":["GET"]}}],"collection":[{"href":"https:\/\/voyancezen.com\/guide\/wp-json\/wp\/v2\/pages"}],"about":[{"href":"https:\/\/voyancezen.com\/guide\/wp-json\/wp\/v2\/types\/page"}],"author":[{"embeddable":true,"href":"https:\/\/voyancezen.com\/guide\/wp-json\/wp\/v2\/users\/1"}],"replies":[{"embeddable":true,"href":"https:\/\/voyancezen.com\/guide\/wp-json\/wp\/v2\/comments?post=2024"}],"version-history":[{"count":5,"href":"https:\/\/voyancezen.com\/guide\/wp-json\/wp\/v2\/pages\/2024\/revisions"}],"predecessor-version":[{"id":2242,"href":"https:\/\/voyancezen.com\/guide\/wp-json\/wp\/v2\/pages\/2024\/revisions\/2242"}],"wp:attachment":[{"href":"https:\/\/voyancezen.com\/guide\/wp-json\/wp\/v2\/media?parent=2024"}],"curies":[{"name":"wp","href":"https:\/\/api.w.org\/{rel}","templated":true}]}}